
{"id":315,"date":"2022-03-11T15:26:18","date_gmt":"2022-03-11T20:26:18","guid":{"rendered":"\/outils\/?page_id=315"},"modified":"2022-06-07T15:32:20","modified_gmt":"2022-06-07T19:32:20","slug":"avertissement","status":"publish","type":"page","link":"\/outils\/?page_id=315","title":{"rendered":"IMPORTANT"},"content":{"rendered":"\n<p><strong>Conditions d&#8217;utilisation<\/strong><\/p>\n\n\n\n<p>Les donn\u00e9es que vous inscrivez dans l\u2019outil sont confidentielles, c\u2019est-\u00e0-dire qu\u2019aucune autre personne que vous ne peut les voir. L\u2019utilisation est gratuite.<\/p>\n\n\n\n<p>En l\u2019utilisant, vous acceptez&nbsp;que :<\/p>\n\n\n\n<ul class=\"is-style-default wp-block-list\"><li>L\u2019outil ne vous d\u00e9charge pas de vos responsabilit\u00e9s dont celles pr\u00e9vues au <a href=\"https:\/\/www.legisquebec.gouv.qc.ca\/fr\/document\/rc\/Q-2,%20r.%2040\">R\u00e8glement sur la qualit\u00e9 de l\u2019eau potable<\/a>.&nbsp;<\/li><li>Les informations, bien que consid\u00e9r\u00e9es comme exactes, sont fournies sans garantie.<\/li><li>En cas de divergence entre les r\u00e9sultats de l\u2019outil et tout texte r\u00e9glementaire applicable, ce dernier pr\u00e9vaut.<\/li><li>Le CISSS de Chaudi\u00e8re-Appalaches, l\u2019UQAR, le COBARIC ou tout autre agent impliqu\u00e9 dans l\u2019\u00e9laboration de l\u2019outil ne sont pas responsables de tout dommage direct ou indirect ou perte de profits r\u00e9sultant de son utilisation.<\/li><\/ul>\n\n\n\n<div class=\"wp-block-buttons is-horizontal is-content-justification-center is-layout-flex wp-container-core-buttons-is-layout-499968f5 wp-block-buttons-is-layout-flex\">\n<div class=\"wp-block-button is-style-fill\"><a class=\"wp-block-button__link has-white-color has-text-color has-background\" href=\"\/outils\/?page_id=36\" style=\"background-color:#0194e1\">Si vous acceptez ces conditions, cliquez ici pour continuer<\/a><\/div>\n<\/div>\n\n\n\n<p><\/p>\n","protected":false},"excerpt":{"rendered":"<p>Conditions d&#8217;utilisation Les donn\u00e9es que vous inscrivez dans l\u2019outil sont confidentielles, c\u2019est-\u00e0-dire qu\u2019aucune autre personne que vous ne peut les voir. L\u2019utilisation est gratuite. En l\u2019utilisant, vous acceptez&nbsp;que : L\u2019outil ne vous d\u00e9charge pas de vos responsabilit\u00e9s dont celles pr\u00e9vues au R\u00e8glement sur la qualit\u00e9 de l\u2019eau potable.&nbsp; Les informations, bien que consid\u00e9r\u00e9es comme exactes, &#8230; <a title=\"IMPORTANT\" class=\"read-more\" href=\"\/outils\/?page_id=315\" aria-label=\"More on IMPORTANT\">Read more<\/a><\/p>\n","protected":false},"author":1,"featured_media":0,"parent":0,"menu_order":0,"comment_status":"closed","ping_status":"closed","template":"","meta":{"ghostkit_customizer_options":"","ghostkit_custom_css":"","ghostkit_custom_js_head":"","ghostkit_custom_js_foot":"","ghostkit_typography":"","footnotes":""},"class_list":["post-315","page","type-page","status-publish"],"_links":{"self":[{"href":"\/outils\/index.php?rest_route=\/wp\/v2\/pages\/315","targetHints":{"allow":["GET"]}}],"collection":[{"href":"\/outils\/index.php?rest_route=\/wp\/v2\/pages"}],"about":[{"href":"\/outils\/index.php?rest_route=\/wp\/v2\/types\/page"}],"author":[{"embeddable":true,"href":"\/outils\/index.php?rest_route=\/wp\/v2\/users\/1"}],"replies":[{"embeddable":true,"href":"\/outils\/index.php?rest_route=%2Fwp%2Fv2%2Fcomments&post=315"}],"version-history":[{"count":10,"href":"\/outils\/index.php?rest_route=\/wp\/v2\/pages\/315\/revisions"}],"predecessor-version":[{"id":566,"href":"\/outils\/index.php?rest_route=\/wp\/v2\/pages\/315\/revisions\/566"}],"wp:attachment":[{"href":"\/outils\/index.php?rest_route=%2Fwp%2Fv2%2Fmedia&parent=315"}],"curies":[{"name":"wp","href":"https:\/\/api.w.org\/{rel}","templated":true}]}}